{"id":21,"date":"2014-12-21T08:26:19","date_gmt":"2014-12-21T08:26:19","guid":{"rendered":"https:\/\/avada.theme-fusion.com_demos\/fashion\/?page_id=21"},"modified":"2023-11-02T16:29:03","modified_gmt":"2023-11-02T14:29:03","slug":"contato","status":"publish","type":"page","link":"https:\/\/simonedossantos.de\/pt\/contato\/","title":{"rendered":"Contato"},"content":{"rendered":"<div class=\"fusion-fullwidth fullwidth-box fusion-builder-row-1 fusion-flex-container hundred-percent-fullwidth non-hundred-percent-height-scrolling\" style=\"--awb-background-position:left top;--awb-border-sizes-top:0px;--awb-border-sizes-bottom:0px;--awb-border-sizes-left:0px;--awb-border-sizes-right:0px;--awb-border-radius-top-left:0px;--awb-border-radius-top-right:0px;--awb-border-radius-bottom-right:0px;--awb-border-radius-bottom-left:0px;--awb-padding-top:0px;--awb-padding-right:0px;--awb-padding-bottom:0px;--awb-padding-left:0px;--awb-flex-wrap:wrap;\" ><div class=\"fusion-builder-row fusion-row fusion-flex-align-items-stretch fusion-flex-content-wrap\" style=\"width:calc( 100% + 0px ) !important;max-width:calc( 100% + 0px ) !important;margin-left: calc(-0px \/ 2 );margin-right: calc(-0px \/ 2 );\"><div class=\"fusion-layout-column fusion_builder_column fusion-builder-column-0 fusion_builder_column_1_2 1_2 fusion-flex-column\" style=\"--awb-padding-top:9%;--awb-padding-right:12%;--awb-padding-bottom:9%;--awb-padding-left:12%;--awb-bg-color:hsla(var(--awb-color8-h),var(--awb-color8-s),calc(var(--awb-color8-l) + 3%),var(--awb-color8-a));--awb-bg-color-hover:hsla(var(--awb-color8-h),var(--awb-color8-s),calc(var(--awb-color8-l) + 3%),var(--awb-color8-a));--awb-bg-size:cover;--awb-width-large:50%;--awb-margin-top-large:0px;--awb-spacing-right-large:0px;--awb-margin-bottom-large:0px;--awb-spacing-left-large:0px;--awb-width-medium:100%;--awb-spacing-right-medium:0px;--awb-spacing-left-medium:0px;--awb-width-small:100%;--awb-spacing-right-small:0px;--awb-spacing-left-small:0px;\"><div class=\"fusion-column-wrapper fusion-flex-justify-content-center fusion-content-layout-column\"><div class=\"fusion-title title fusion-title-1 fusion-title-center fusion-title-text fusion-title-size-two\" style=\"--awb-text-color:var(--awb-color6);\"><div class=\"title-sep-container title-sep-container-left\"><div class=\"title-sep sep- sep-solid\" style=\"border-color:hsla(var(--awb-color1-h),var(--awb-color1-s),var(--awb-color1-l),calc( var(--awb-color1-a) - 80% ));\"><\/div><\/div><span class=\"awb-title-spacer\"><\/span><h2 class=\"fusion-title-heading title-heading-center fusion-responsive-typography-calculated\" style=\"margin:0;--fontSize:40;line-height:1.1;\">Contate-nos<\/h2><span class=\"awb-title-spacer\"><\/span><div class=\"title-sep-container title-sep-container-right\"><div class=\"title-sep sep- sep-solid\" style=\"border-color:hsla(var(--awb-color1-h),var(--awb-color1-s),var(--awb-color1-l),calc( var(--awb-color1-a) - 80% ));\"><\/div><\/div><\/div><div class=\"fusion-text fusion-text-1\" style=\"--awb-content-alignment:center;--awb-font-size:var(--awb-typography2-font-size);--awb-line-height:var(--awb-typography2-line-height);--awb-letter-spacing:var(--awb-typography2-letter-spacing);--awb-text-transform:var(--awb-typography2-text-transform);--awb-text-font-family:var(--awb-typography2-font-family);--awb-text-font-weight:var(--awb-typography2-font-weight);--awb-text-font-style:var(--awb-typography2-font-style);\"><p class=\"text-uppercase font-weight-bold\">VAMOS MARCAR UMA REUNI\u00c3O?<\/p>\n<\/div><div class=\"fusion-text fusion-text-2\" style=\"--awb-content-alignment:center;\"><p>Nossa equipe ter\u00e1 prazer em atend\u00ea-lo e esclarecer todas as suas d\u00favidas. Estamos empenhados em fornecer-lhe a melhor experi\u00eancia poss\u00edvel e aguardamos a oportunidade de nos conectarmos com voc\u00ea.<\/p>\n<p><strong>Nosso escrit\u00f3rio::<\/strong><br \/>\nWeltenburgerstr. 45 81677 Munique<\/p>\n<p><strong>Hor\u00e1rio de funcionamento:<\/strong><br \/>\nDe segunda a sexta das 8h00 \u00e0s 19h00<\/p>\n<p><strong>Telefone:<\/strong><span class=\"color-picton font-weight-bold\" style=\"color: var(--awb-color2);\"><br \/>\n+49 178 333336-0<br \/>\n<\/span><\/p>\n<p><strong style=\"color: var(--awb-text-color); font-family: var(--awb-text-font-family); font-size: var(--awb-font-size); font-style: var(--awb-text-font-style); letter-spacing: var(--awb-letter-spacing); text-align: var(--awb-content-alignment); text-transform: var(--awb-text-transform); background-color: var(--awb-bg-color-small-hover);\">E-mail:<br \/>\n<\/strong>info@simonedossantos.de<\/p>\n<\/div><div style=\"text-align:center;\"><a class=\"fusion-button button-flat fusion-button-default-size button-custom fusion-button-default button-1 fusion-button-default-span fusion-button-default-type fusion-has-button-gradient\" style=\"--button_accent_color:var(--awb-color8);--button_accent_hover_color:var(--awb-color8);--button_border_hover_color:var(--awb-color2);--button_gradient_top_color:#25d366;--button_gradient_bottom_color:#075e54;--button_gradient_top_color_hover:hsla(var(--awb-color6-h),var(--awb-color6-s),var(--awb-color6-l),calc(var(--awb-color6-a) - 20%));--button_gradient_bottom_color_hover:hsla(var(--awb-color6-h),var(--awb-color6-s),var(--awb-color6-l),calc(var(--awb-color6-a) - 10%));\" target=\"_self\" href=\"https:\/\/api.whatsapp.com\/send\/?phone=491783333360&amp;text=Ich+habe+Ihre+Website+besucht+und+h%C3%A4tte+gerne+mehr+Informationen+zum+Thema+Coaching+bekommen.&amp;type=phone_number&amp;app_absent=0\"><i class=\"fa-whatsapp fab button-icon-left\" aria-hidden=\"true\"><\/i><span class=\"fusion-button-text\">Whatsapp<\/span><\/a><\/div><\/div><\/div><div class=\"fusion-layout-column fusion_builder_column fusion-builder-column-1 fusion_builder_column_1_2 1_2 fusion-flex-column\" style=\"--awb-padding-top:9%;--awb-padding-right:9%;--awb-padding-bottom:9%;--awb-padding-left:9%;--awb-padding-bottom-medium:60px;--awb-bg-color:var(--awb-color1);--awb-bg-color-hover:var(--awb-color1);--awb-bg-size:cover;--awb-width-large:50%;--awb-margin-top-large:0px;--awb-spacing-right-large:0px;--awb-margin-bottom-large:0px;--awb-spacing-left-large:0px;--awb-width-medium:100%;--awb-spacing-right-medium:0px;--awb-spacing-left-medium:0px;--awb-width-small:100%;--awb-spacing-right-small:0px;--awb-spacing-left-small:0px;\"><div class=\"fusion-column-wrapper fusion-flex-justify-content-center fusion-content-layout-column\"><div class=\"fusion-form fusion-form-builder fusion-form-form-wrapper fusion-form-1374\" style=\"--awb-tooltip-text-color:var(--awb-color2);--awb-tooltip-background-color:#333333;--awb-form-placeholder-color:hsla(var(--awb-color6-h),var(--awb-color6-s),var(--awb-color6-l),calc(var(--awb-color6-a) - 50%));--awb-form-text-color:var(--awb-color6);\" data-form-id=\"1374\" data-config=\"{&quot;form_id&quot;:&quot;1374&quot;,&quot;form_post_id&quot;:&quot;1374&quot;,&quot;post_id&quot;:21,&quot;form_type&quot;:&quot;ajax&quot;,&quot;confirmation_type&quot;:&quot;message&quot;,&quot;redirect_url&quot;:&quot;&quot;,&quot;field_labels&quot;:{&quot;your_name&quot;:&quot;Name:&quot;,&quot;email_address&quot;:&quot;Email:&quot;,&quot;subject&quot;:&quot;Thema:&quot;,&quot;message&quot;:&quot;Nachricht:&quot;,&quot;consentimento&quot;:&quot;&quot;},&quot;field_logics&quot;:{&quot;your_name&quot;:&quot;&quot;,&quot;email_address&quot;:&quot;&quot;,&quot;subject&quot;:&quot;&quot;,&quot;message&quot;:&quot;&quot;,&quot;consentimento&quot;:&quot;&quot;,&quot;notice_1&quot;:&quot;&quot;},&quot;field_types&quot;:{&quot;your_name&quot;:&quot;text&quot;,&quot;email_address&quot;:&quot;email&quot;,&quot;subject&quot;:&quot;text&quot;,&quot;message&quot;:&quot;textarea&quot;,&quot;consentimento&quot;:&quot;consent&quot;,&quot;notice_1&quot;:&quot;notice&quot;,&quot;submit_1&quot;:&quot;submit&quot;},&quot;nonce_method&quot;:&quot;ajax&quot;}\"><form action=\"https:\/\/simonedossantos.de\/pt\/contato\/\" method=\"post\" class=\"fusion-form fusion-form-1374\" data-trp-original-action=\"https:\/\/simonedossantos.de\/pt\/contato\/\"><div class=\"fusion-fullwidth fullwidth-box fusion-builder-row-1-1 fusion-flex-container nonhundred-percent-fullwidth non-hundred-percent-height-scrolling\" style=\"--awb-border-radius-top-left:0px;--awb-border-radius-top-right:0px;--awb-border-radius-bottom-right:0px;--awb-border-radius-bottom-left:0px;--awb-padding-top:0px;--awb-padding-right:0px;--awb-padding-bottom:0px;--awb-padding-left:0px;--awb-margin-top:0px;--awb-margin-bottom:0px;--awb-flex-wrap:wrap;\" ><div class=\"fusion-builder-row fusion-row fusion-flex-align-items-flex-start fusion-flex-content-wrap\" style=\"width:103% !important;max-width:103% !important;margin-left: calc(-3% \/ 2 );margin-right: calc(-3% \/ 2 );\"><div class=\"fusion-layout-column fusion_builder_column fusion-builder-column-2 fusion_builder_column_1_1 1_1 fusion-flex-column\" style=\"--awb-bg-size:cover;--awb-width-large:100%;--awb-margin-top-large:0px;--awb-spacing-right-large:1.455%;--awb-margin-bottom-large:0px;--awb-spacing-left-large:1.455%;--awb-width-medium:100%;--awb-order-medium:0;--awb-spacing-right-medium:1.455%;--awb-spacing-left-medium:1.455%;--awb-width-small:100%;--awb-order-small:0;--awb-spacing-right-small:1.455%;--awb-spacing-left-small:1.455%;\"><div class=\"fusion-column-wrapper fusion-column-has-shadow fusion-flex-justify-content-flex-start fusion-content-layout-column\"><div class=\"fusion-form-field fusion-form-text-field fusion-form-label-above\" style=\"\" data-form-id=\"1374\"><div class=\"fusion-form-label-wrapper\"><label for=\"your_name\">Sobrenome: <abbr class=\"fusion-form-element-required\" title=\"required\">*<\/abbr><\/label><\/div><input type=\"text\" name=\"your_name\" id=\"your_name\" value=\"\"  class=\"fusion-form-input\" required=\"true\" aria-required=\"true\" data-holds-private-data=\"false\" minlength=\"0\"\/><\/div><div class=\"fusion-form-field fusion-form-email-field fusion-form-label-above\" style=\"\" data-form-id=\"1374\"><div class=\"fusion-form-label-wrapper\"><label for=\"email_address\">E-mail: <abbr class=\"fusion-form-element-required\" title=\"required\">*<\/abbr><\/label><\/div><input type=\"email\" name=\"email_address\" id=\"email_address\" value=\"\"  class=\"fusion-form-input\" required=\"true\" aria-required=\"true\" data-holds-private-data=\"false\"\/><\/div><div class=\"fusion-form-field fusion-form-text-field fusion-form-label-above\" style=\"\" data-form-id=\"1374\"><div class=\"fusion-form-label-wrapper\"><label for=\"subject\">Tema:<\/label><\/div><input type=\"text\" name=\"subject\" id=\"subject\" value=\"\"  class=\"fusion-form-input\" data-holds-private-data=\"false\" minlength=\"0\"\/><\/div><div class=\"fusion-form-field fusion-form-textarea-field fusion-form-label-above\" style=\"\" data-form-id=\"1374\"><label for=\"message\">Not\u00edcias: <abbr class=\"fusion-form-element-required\" title=\"required\">*<\/abbr><\/label><textarea cols=\"40\"  minlength=\"0\"  rows=\"4\" tabindex=\"\" id=\"message\" name=\"message\" class=\"fusion-form-input\" required=\"true\" aria-required=\"true\" data-holds-private-data=\"false\"><\/textarea><\/div><div class=\"fusion-form-field fusion-form-consent-field fusion-form-label-above\" style=\"\" data-form-id=\"1374\"><div class=\"fusion-form-checkbox option-inline\"><input tabindex=\"\" id=\"consentimento\" type=\"checkbox\" value=\"1\" name=\"consentimento\" class=\"fusion-form-input\"\/><label for=\"consentimento\"><p>\n  *O nosso se aplica\n  <a href=\"https:\/\/simonedossantos.de\/datenschutzerklaerung\/\" style=\"color: #F00\">Prote\u00e7\u00e3o de dados<\/a>\n<\/p>\n\n<\/label><\/div><\/div><div class=\"form-submission-notices data-notice_1\" id=\"fusion-notices-1\"><div class=\"fusion-alert alert success alert-success fusion-alert-center fusion-form-response fusion-form-response-success fusion-alert-capitalize awb-alert-native-link-color alert-dismissable awb-alert-close-boxed\" role=\"alert\"><div class=\"fusion-alert-content-wrapper\"><span class=\"alert-icon\"><i class=\"awb-icon-check-circle\" aria-hidden=\"true\"><\/i><\/span><span class=\"fusion-alert-content\">Postou! Voc\u00ea receber\u00e1 uma confirma\u00e7\u00e3o de envio. Por favor, verifique sua pasta de spam.<\/span><\/div><button type=\"button\" class=\"close toggle-alert\" data-dismiss=\"alert\" aria-label=\"Close\">\u00d7<\/button><\/div><div class=\"fusion-alert alert error alert-danger fusion-alert-center fusion-form-response fusion-form-response-error fusion-alert-capitalize awb-alert-native-link-color alert-dismissable awb-alert-close-boxed\" role=\"alert\"><div class=\"fusion-alert-content-wrapper\"><span class=\"alert-icon\"><i class=\"awb-icon-exclamation-triangle\" aria-hidden=\"true\"><\/i><\/span><span class=\"fusion-alert-content\">Ocorreu um erro ao tentar enviar a mensagem. Por favor, tente novamente mais tarde.<\/span><\/div><button type=\"button\" class=\"close toggle-alert\" data-dismiss=\"alert\" aria-label=\"Close\">\u00d7<\/button><\/div><\/div><div class=\"fusion-form-field fusion-form-submit-field fusion-form-label-above\" style=\"\" data-form-id=\"1374\"><div ><button type=\"submit\" class=\"fusion-button button-flat fusion-button-default-size button-default fusion-button-default button-2 fusion-button-default-span  form-form-submit button-default\" data-form-number=\"1374\" tabindex=\"\"><span class=\"fusion-button-text\">Enviar<\/span><\/button><\/div><\/div><\/div><\/div><\/div><\/div><input type=\"hidden\" name=\"trp-form-language\" value=\"pt\"\/><\/form><\/div><\/div><\/div><\/div><\/div>","protected":false},"excerpt":{"rendered":"","protected":false},"author":1,"featured_media":0,"parent":0,"menu_order":0,"comment_status":"open","ping_status":"closed","template":"100-width.php","meta":{"_joinchat":[],"footnotes":""},"class_list":["post-21","page","type-page","status-publish","hentry"],"yoast_head":"<!-- This site is optimized with the Yoast SEO plugin v21.5 - https:\/\/yoast.com\/wordpress\/plugins\/seo\/ -->\n<title>Kontakt - Simone dos Santos<\/title>\n<meta name=\"robots\" content=\"index, follow, max-snippet:-1, max-image-preview:large, max-video-preview:-1\" \/>\n<link rel=\"canonical\" href=\"https:\/\/simonedossantos.de\/pt\/contato\/\" \/>\n<meta property=\"og:locale\" content=\"pt_BR\" \/>\n<meta property=\"og:type\" content=\"article\" \/>\n<meta property=\"og:title\" content=\"Kontakt - Simone dos Santos\" \/>\n<meta property=\"og:url\" content=\"https:\/\/simonedossantos.de\/pt\/contato\/\" \/>\n<meta property=\"og:site_name\" content=\"Simone dos Santos\" \/>\n<meta property=\"article:publisher\" content=\"https:\/\/www.instagram.com\/simonedossantosoficial\/\" \/>\n<meta property=\"article:modified_time\" content=\"2023-11-02T14:29:03+00:00\" \/>\n<meta property=\"og:image\" content=\"https:\/\/simonedossantos.de\/wp-content\/uploads\/2023\/08\/cropped-amaAtivo-3.png\" \/>\n\t<meta property=\"og:image:width\" content=\"512\" \/>\n\t<meta property=\"og:image:height\" content=\"512\" \/>\n\t<meta property=\"og:image:type\" content=\"image\/png\" \/>\n<meta name=\"twitter:card\" content=\"summary_large_image\" \/>\n<meta name=\"twitter:label1\" content=\"Est. tempo de leitura\" \/>\n\t<meta name=\"twitter:data1\" content=\"2 minutos\" \/>\n<script type=\"application\/ld+json\" class=\"yoast-schema-graph\">{\"@context\":\"https:\/\/schema.org\",\"@graph\":[{\"@type\":\"WebPage\",\"@id\":\"https:\/\/simonedossantos.de\/contato\/\",\"url\":\"https:\/\/simonedossantos.de\/contato\/\",\"name\":\"Kontakt - Simone dos Santos\",\"isPartOf\":{\"@id\":\"https:\/\/simonedossantos.de\/#website\"},\"datePublished\":\"2014-12-21T08:26:19+00:00\",\"dateModified\":\"2023-11-02T14:29:03+00:00\",\"breadcrumb\":{\"@id\":\"https:\/\/simonedossantos.de\/contato\/#breadcrumb\"},\"inLanguage\":\"pt-BR\",\"potentialAction\":[{\"@type\":\"ReadAction\",\"target\":[\"https:\/\/simonedossantos.de\/contato\/\"]}]},{\"@type\":\"BreadcrumbList\",\"@id\":\"https:\/\/simonedossantos.de\/contato\/#breadcrumb\",\"itemListElement\":[{\"@type\":\"ListItem\",\"position\":1,\"name\":\"In\u00edcio\",\"item\":\"https:\/\/simonedossantos.de\/\"},{\"@type\":\"ListItem\",\"position\":2,\"name\":\"Kontakt\"}]},{\"@type\":\"WebSite\",\"@id\":\"https:\/\/simonedossantos.de\/#website\",\"url\":\"https:\/\/simonedossantos.de\/\",\"name\":\"Simone dos Santos\",\"description\":\"Business Trainerin &amp; Business Coaching\",\"publisher\":{\"@id\":\"https:\/\/simonedossantos.de\/#organization\"},\"potentialAction\":[{\"@type\":\"SearchAction\",\"target\":{\"@type\":\"EntryPoint\",\"urlTemplate\":\"https:\/\/simonedossantos.de\/?s={search_term_string}\"},\"query-input\":\"required name=search_term_string\"}],\"inLanguage\":\"pt-BR\"},{\"@type\":\"Organization\",\"@id\":\"https:\/\/simonedossantos.de\/#organization\",\"name\":\"Simone dos Santos\",\"url\":\"https:\/\/simonedossantos.de\/\",\"logo\":{\"@type\":\"ImageObject\",\"inLanguage\":\"pt-BR\",\"@id\":\"https:\/\/simonedossantos.de\/#\/schema\/logo\/image\/\",\"url\":\"https:\/\/simonedossantos.de\/wp-content\/uploads\/2023\/08\/cropped-amaAtivo-3.png\",\"contentUrl\":\"https:\/\/simonedossantos.de\/wp-content\/uploads\/2023\/08\/cropped-amaAtivo-3.png\",\"width\":512,\"height\":512,\"caption\":\"Simone dos Santos\"},\"image\":{\"@id\":\"https:\/\/simonedossantos.de\/#\/schema\/logo\/image\/\"},\"sameAs\":[\"https:\/\/www.instagram.com\/simonedossantosoficial\/\",\"https:\/\/www.linkedin.com\/in\/simonedossantosoficial\/\"]}]}<\/script>\n<!-- \/ Yoast SEO plugin. -->","yoast_head_json":{"title":"Kontakt - Simone dos Santos","robots":{"index":"index","follow":"follow","max-snippet":"max-snippet:-1","max-image-preview":"max-image-preview:large","max-video-preview":"max-video-preview:-1"},"canonical":"https:\/\/simonedossantos.de\/pt\/contato\/","og_locale":"pt_BR","og_type":"article","og_title":"Kontakt - Simone dos Santos","og_url":"https:\/\/simonedossantos.de\/pt\/contato\/","og_site_name":"Simone dos Santos","article_publisher":"https:\/\/www.instagram.com\/simonedossantosoficial\/","article_modified_time":"2023-11-02T14:29:03+00:00","og_image":[{"width":512,"height":512,"url":"https:\/\/simonedossantos.de\/wp-content\/uploads\/2023\/08\/cropped-amaAtivo-3.png","type":"image\/png"}],"twitter_card":"summary_large_image","twitter_misc":{"Est. tempo de leitura":"2 minutos"},"schema":{"@context":"https:\/\/schema.org","@graph":[{"@type":"WebPage","@id":"https:\/\/simonedossantos.de\/contato\/","url":"https:\/\/simonedossantos.de\/contato\/","name":"Kontakt - Simone dos Santos","isPartOf":{"@id":"https:\/\/simonedossantos.de\/#website"},"datePublished":"2014-12-21T08:26:19+00:00","dateModified":"2023-11-02T14:29:03+00:00","breadcrumb":{"@id":"https:\/\/simonedossantos.de\/contato\/#breadcrumb"},"inLanguage":"pt-BR","potentialAction":[{"@type":"ReadAction","target":["https:\/\/simonedossantos.de\/contato\/"]}]},{"@type":"BreadcrumbList","@id":"https:\/\/simonedossantos.de\/contato\/#breadcrumb","itemListElement":[{"@type":"ListItem","position":1,"name":"In\u00edcio","item":"https:\/\/simonedossantos.de\/"},{"@type":"ListItem","position":2,"name":"Kontakt"}]},{"@type":"WebSite","@id":"https:\/\/simonedossantos.de\/#website","url":"https:\/\/simonedossantos.de\/","name":"Simone dos Santos","description":"Business Trainerin &amp; Business Coaching","publisher":{"@id":"https:\/\/simonedossantos.de\/#organization"},"potentialAction":[{"@type":"SearchAction","target":{"@type":"EntryPoint","urlTemplate":"https:\/\/simonedossantos.de\/?s={search_term_string}"},"query-input":"required name=search_term_string"}],"inLanguage":"pt-BR"},{"@type":"Organization","@id":"https:\/\/simonedossantos.de\/#organization","name":"Simone dos Santos","url":"https:\/\/simonedossantos.de\/","logo":{"@type":"ImageObject","inLanguage":"pt-BR","@id":"https:\/\/simonedossantos.de\/#\/schema\/logo\/image\/","url":"https:\/\/simonedossantos.de\/wp-content\/uploads\/2023\/08\/cropped-amaAtivo-3.png","contentUrl":"https:\/\/simonedossantos.de\/wp-content\/uploads\/2023\/08\/cropped-amaAtivo-3.png","width":512,"height":512,"caption":"Simone dos Santos"},"image":{"@id":"https:\/\/simonedossantos.de\/#\/schema\/logo\/image\/"},"sameAs":["https:\/\/www.instagram.com\/simonedossantosoficial\/","https:\/\/www.linkedin.com\/in\/simonedossantosoficial\/"]}]}},"_links":{"self":[{"href":"https:\/\/simonedossantos.de\/pt\/wp-json\/wp\/v2\/pages\/21","targetHints":{"allow":["GET"]}}],"collection":[{"href":"https:\/\/simonedossantos.de\/pt\/wp-json\/wp\/v2\/pages"}],"about":[{"href":"https:\/\/simonedossantos.de\/pt\/wp-json\/wp\/v2\/types\/page"}],"author":[{"embeddable":true,"href":"https:\/\/simonedossantos.de\/pt\/wp-json\/wp\/v2\/users\/1"}],"replies":[{"embeddable":true,"href":"https:\/\/simonedossantos.de\/pt\/wp-json\/wp\/v2\/comments?post=21"}],"version-history":[{"count":14,"href":"https:\/\/simonedossantos.de\/pt\/wp-json\/wp\/v2\/pages\/21\/revisions"}],"predecessor-version":[{"id":2528,"href":"https:\/\/simonedossantos.de\/pt\/wp-json\/wp\/v2\/pages\/21\/revisions\/2528"}],"wp:attachment":[{"href":"https:\/\/simonedossantos.de\/pt\/wp-json\/wp\/v2\/media?parent=21"}],"curies":[{"name":"wp","href":"https:\/\/api.w.org\/{rel}","templated":true}]}}