{"id":1740,"date":"2023-09-06T18:36:14","date_gmt":"2023-09-06T16:36:14","guid":{"rendered":"https:\/\/simonedossantos.de\/?page_id=1740"},"modified":"2023-11-02T16:28:41","modified_gmt":"2023-11-02T14:28:41","slug":"pro-abono","status":"publish","type":"page","link":"https:\/\/simonedossantos.de\/pt\/pro-abono\/","title":{"rendered":"Pedido de admiss\u00e3o"},"content":{"rendered":"<div class=\"fusion-fullwidth fullwidth-box fusion-builder-row-1 fusion-flex-container has-pattern-background has-mask-background nonhundred-percent-fullwidth non-hundred-percent-height-scrolling\" style=\"--awb-border-radius-top-left:0px;--awb-border-radius-top-right:0px;--awb-border-radius-bottom-right:0px;--awb-border-radius-bottom-left:0px;--awb-flex-wrap:wrap;\" ><div class=\"fusion-builder-row fusion-row fusion-flex-align-items-flex-start fusion-flex-content-wrap\" style=\"max-width:1216.8px;margin-left: calc(-4% \/ 2 );margin-right: calc(-4% \/ 2 );\"><div class=\"fusion-layout-column fusion_builder_column fusion-builder-column-0 fusion_builder_column_1_1 1_1 fusion-flex-column\" style=\"--awb-bg-size:cover;--awb-width-large:100%;--awb-margin-top-large:0px;--awb-spacing-right-large:1.92%;--awb-margin-bottom-large:20px;--awb-spacing-left-large:1.92%;--awb-width-medium:100%;--awb-order-medium:0;--awb-spacing-right-medium:1.92%;--awb-spacing-left-medium:1.92%;--awb-width-small:100%;--awb-order-small:0;--awb-spacing-right-small:1.92%;--awb-spacing-left-small:1.92%;\"><div class=\"fusion-column-wrapper fusion-column-has-shadow fusion-flex-justify-content-flex-start fusion-content-layout-column\"><div class=\"fusion-form fusion-form-builder fusion-form-form-wrapper fusion-form-1732\" style=\"--awb-tooltip-text-color:var(--awb-color2);--awb-tooltip-background-color:#333333;--awb-form-bg-color:#e0e0e0;--awb-form-placeholder-color:hsla(var(--awb-color6-h),var(--awb-color6-s),var(--awb-color6-l),calc(var(--awb-color6-a) - 50%));--awb-form-text-color:var(--awb-color6);--awb-form-border-color:var(--awb-color5);--awb-form-focus-border-color:#b20000;--awb-form-focus-border-hover-color:rgba(178,0,0,0.5);\" data-form-id=\"1732\" data-config=\"{&quot;form_id&quot;:&quot;1732&quot;,&quot;form_post_id&quot;:&quot;1732&quot;,&quot;post_id&quot;:1740,&quot;form_type&quot;:&quot;ajax&quot;,&quot;confirmation_type&quot;:&quot;message&quot;,&quot;redirect_url&quot;:&quot;&quot;,&quot;field_labels&quot;:{&quot;your_name&quot;:&quot;Name:&quot;,&quot;numero_de_telefone&quot;:&quot;Telefonnummer&quot;,&quot;email_address&quot;:&quot;Email:&quot;,&quot;message&quot;:&quot;Kurze Beschreibung des Bedarfs:&quot;,&quot;objetivos&quot;:&quot;Ziele:&quot;,&quot;situacao&quot;:&quot;Finanzielle Situation:&quot;,&quot;disponibilidade:&quot;:&quot;Verf\\u00fcgbarkeit:&quot;,&quot;Como Soube Sobre N\\u00f3s:&quot;:&quot;Wie sind Sie auf uns aufmerksam geworden:&quot;,&quot;consentimento&quot;:&quot;&quot;},&quot;field_logics&quot;:{&quot;your_name&quot;:&quot;&quot;,&quot;numero_de_telefone&quot;:&quot;&quot;,&quot;email_address&quot;:&quot;&quot;,&quot;message&quot;:&quot;&quot;,&quot;objetivos&quot;:&quot;&quot;,&quot;situacao&quot;:&quot;&quot;,&quot;disponibilidade:&quot;:&quot;&quot;,&quot;Como Soube Sobre N\\u00f3s:&quot;:&quot;&quot;,&quot;consentimento&quot;:&quot;&quot;,&quot;notice_1&quot;:&quot;&quot;},&quot;field_types&quot;:{&quot;your_name&quot;:&quot;text&quot;,&quot;numero_de_telefone&quot;:&quot;phone_number&quot;,&quot;email_address&quot;:&quot;email&quot;,&quot;message&quot;:&quot;textarea&quot;,&quot;objetivos&quot;:&quot;textarea&quot;,&quot;situacao&quot;:&quot;textarea&quot;,&quot;disponibilidade:&quot;:&quot;text&quot;,&quot;Como Soube Sobre N\\u00f3s:&quot;:&quot;text&quot;,&quot;consentimento&quot;:&quot;consent&quot;,&quot;notice_1&quot;:&quot;notice&quot;,&quot;submit_1&quot;:&quot;submit&quot;},&quot;nonce_method&quot;:&quot;ajax&quot;}\"><form action=\"https:\/\/simonedossantos.de\/pt\/pro-abono\/\" method=\"post\" class=\"fusion-form fusion-form-1732\" data-trp-original-action=\"https:\/\/simonedossantos.de\/pt\/pro-abono\/\"><div class=\"fusion-fullwidth fullwidth-box fusion-builder-row-1-1 fusion-flex-container has-pattern-background has-mask-background nonhundred-percent-fullwidth non-hundred-percent-height-scrolling\" style=\"--awb-border-radius-top-left:0px;--awb-border-radius-top-right:0px;--awb-border-radius-bottom-right:0px;--awb-border-radius-bottom-left:0px;--awb-padding-top:0px;--awb-padding-right:0px;--awb-padding-bottom:0px;--awb-padding-left:0px;--awb-margin-top:0px;--awb-margin-bottom:0px;--awb-flex-wrap:wrap;\" ><div class=\"fusion-builder-row fusion-row fusion-flex-align-items-flex-start fusion-flex-content-wrap\" style=\"width:103% !important;max-width:103% !important;margin-left: calc(-3% \/ 2 );margin-right: calc(-3% \/ 2 );\"><div class=\"fusion-layout-column fusion_builder_column fusion-builder-column-1 fusion_builder_column_1_1 1_1 fusion-flex-column\" style=\"--awb-padding-top:30px;--awb-padding-right:40px;--awb-padding-bottom:40px;--awb-padding-left:40px;--awb-overflow:hidden;--awb-bg-color:var(--awb-color8);--awb-bg-color-hover:var(--awb-color8);--awb-bg-size:cover;--awb-border-color:var(--awb-color2);--awb-border-style:solid;--awb-border-radius:10px 10px 10px 10px;--awb-width-large:100%;--awb-margin-top-large:0px;--awb-spacing-right-large:1.455%;--awb-margin-bottom-large:0px;--awb-spacing-left-large:0%;--awb-width-medium:100%;--awb-order-medium:0;--awb-spacing-right-medium:1.455%;--awb-spacing-left-medium:1.455%;--awb-width-small:100%;--awb-order-small:0;--awb-spacing-right-small:1.455%;--awb-spacing-left-small:1.455%;\" data-motion-effects=\"[{&quot;type&quot;:&quot;&quot;,&quot;scroll_type&quot;:&quot;transition&quot;,&quot;scroll_direction&quot;:&quot;up&quot;,&quot;transition_speed&quot;:&quot;1&quot;,&quot;fade_type&quot;:&quot;in&quot;,&quot;scale_type&quot;:&quot;up&quot;,&quot;initial_scale&quot;:&quot;1&quot;,&quot;max_scale&quot;:&quot;1.5&quot;,&quot;min_scale&quot;:&quot;0.5&quot;,&quot;initial_rotate&quot;:&quot;0&quot;,&quot;end_rotate&quot;:&quot;30&quot;,&quot;initial_blur&quot;:&quot;0&quot;,&quot;end_blur&quot;:&quot;3&quot;,&quot;start_element&quot;:&quot;top&quot;,&quot;start_viewport&quot;:&quot;bottom&quot;,&quot;end_element&quot;:&quot;bottom&quot;,&quot;end_viewport&quot;:&quot;top&quot;,&quot;mouse_effect&quot;:&quot;track&quot;,&quot;mouse_effect_direction&quot;:&quot;opposite&quot;,&quot;mouse_effect_speed&quot;:&quot;2&quot;,&quot;infinite_animation&quot;:&quot;float&quot;,&quot;infinite_animation_speed&quot;:&quot;2&quot;}]\" data-scroll-devices=\"small-visibility,medium-visibility,large-visibility\"><div class=\"fusion-column-wrapper fusion-column-has-shadow fusion-flex-justify-content-flex-start fusion-content-layout-column\"><div class=\"fusion-text fusion-text-1\"><h2 style=\"color: var(--awb-color6);\">Pedido de subven\u00e7\u00e3o:<\/h2>\n<\/div><div class=\"fusion-form-field fusion-form-text-field fusion-form-label-above\" style=\"\" data-form-id=\"1732\"><div class=\"fusion-form-label-wrapper\"><label for=\"your_name\">Sobrenome: <abbr class=\"fusion-form-element-required\" title=\"required\">*<\/abbr><\/label><\/div><input type=\"text\" name=\"your_name\" id=\"your_name\" value=\"\"  class=\"fusion-form-input\" required=\"true\" aria-required=\"true\" placeholder=\"Por favor, digite seu nome completo.*\" data-holds-private-data=\"false\" minlength=\"0\"\/><\/div><div class=\"fusion-form-field fusion-form-phone-number-field fusion-form-label-above\" style=\"\" data-form-id=\"1732\"><div class=\"fusion-form-label-wrapper\"><label for=\"numero_de_telefone\">N\u00famero de telefone<\/label><\/div><div class=\"fusion-form-input-with-icon\"><i class=\"awb-form-icon fa-phone-square-alt fas\"><\/i><input type=\"tel\" name=\"numero_de_telefone\" id=\"numero_de_telefone\" value=\"\"  class=\"fusion-form-input\" placeholder=\"Por favor inclua seu n\u00famero de telefone para que possamos entrar em contato com voc\u00ea.\" data-holds-private-data=\"false\"\/><\/div><\/div><div class=\"fusion-form-field fusion-form-email-field fusion-form-label-above\" style=\"\" data-form-id=\"1732\"><div class=\"fusion-form-label-wrapper\"><label for=\"email_address\">E-mail: <abbr class=\"fusion-form-element-required\" title=\"required\">*<\/abbr><\/label><\/div><input type=\"email\" name=\"email_address\" id=\"email_address\" value=\"\"  class=\"fusion-form-input\" required=\"true\" aria-required=\"true\" placeholder=\"Forne\u00e7a seu endere\u00e7o de e-mail para que possamos entrar em contato com voc\u00ea.*\" data-holds-private-data=\"false\"\/><\/div><div class=\"fusion-form-field fusion-form-textarea-field fusion-form-label-above\" style=\"\" data-form-id=\"1732\"><label for=\"message\">Breve descri\u00e7\u00e3o da necessidade: <abbr class=\"fusion-form-element-required\" title=\"required\">*<\/abbr><\/label><textarea cols=\"40\"  minlength=\"0\"  rows=\"4\" tabindex=\"\" id=\"message\" name=\"message\" class=\"fusion-form-input\" required=\"true\" aria-required=\"true\" placeholder=\"Descreva de forma breve e concisa por que voc\u00ea est\u00e1 interessado em coaching pro bono.*\" data-holds-private-data=\"false\"><\/textarea><\/div><div class=\"fusion-form-field fusion-form-textarea-field fusion-form-label-above\" style=\"\" data-form-id=\"1732\"><label for=\"objetivos\">Metas: <abbr class=\"fusion-form-element-required\" title=\"required\">*<\/abbr><\/label><textarea cols=\"40\"  minlength=\"0\"  rows=\"4\" tabindex=\"\" id=\"objetivos\" name=\"objetivos\" class=\"fusion-form-input\" required=\"true\" aria-required=\"true\" placeholder=\"Quais s\u00e3o os principais objetivos que voc\u00ea deseja alcan\u00e7ar atrav\u00e9s do coaching pro bono? Liste-os.*\" data-holds-private-data=\"false\"><\/textarea><\/div><div class=\"fusion-form-field fusion-form-textarea-field fusion-form-label-above\" style=\"\" data-form-id=\"1732\"><label for=\"situacao\">Situa\u00e7\u00e3o financeira: <abbr class=\"fusion-form-element-required\" title=\"required\">*<\/abbr><\/label><textarea cols=\"40\"  minlength=\"0\"  rows=\"4\" tabindex=\"\" id=\"situacao\" name=\"situacao\" class=\"fusion-form-input\" required=\"true\" aria-required=\"true\" placeholder=\"Forne\u00e7a-nos uma vis\u00e3o geral de sua situa\u00e7\u00e3o financeira atual para que possamos avaliar sua adequa\u00e7\u00e3o para coaching pro bono.*\" data-holds-private-data=\"false\"><\/textarea><\/div><div class=\"fusion-form-field fusion-form-text-field fusion-form-label-above\" style=\"\" data-form-id=\"1732\"><div class=\"fusion-form-label-wrapper\"><label for=\"disponibilidade:\">Disponibilidade:<\/label><\/div><input type=\"text\" name=\"disponibilidade:\" id=\"disponibilidade:\" value=\"\"  class=\"fusion-form-input\" placeholder=\"Quais dias da semana e hor\u00e1rios do dia s\u00e3o mais convenientes para voc\u00ea participar de sess\u00f5es de coaching?\" data-holds-private-data=\"false\" minlength=\"0\"\/><\/div><div class=\"fusion-form-field fusion-form-text-field fusion-form-label-above\" style=\"\" data-form-id=\"1732\"><div class=\"fusion-form-label-wrapper\"><label for=\"Como Soube Sobre N\u00f3s:\">Como voc\u00ea ficou sabendo sobre n\u00f3s:<\/label><\/div><input type=\"text\" name=\"Como Soube Sobre N\u00f3s:\" id=\"Como Soube Sobre N\u00f3s:\" value=\"\"  class=\"fusion-form-input\" placeholder=\"Como voc\u00ea ficou sabendo do nosso programa de coaching pro bono?\" data-holds-private-data=\"false\" minlength=\"0\"\/><\/div><div class=\"fusion-form-field fusion-form-consent-field fusion-form-label-above\" style=\"\" data-form-id=\"1732\"><div class=\"fusion-form-checkbox option-inline\"><input tabindex=\"\" id=\"consentimento\" type=\"checkbox\" value=\"1\" name=\"consentimento\" class=\"fusion-form-input\" required=\"true\" aria-required=\"true\"\/><label for=\"consentimento\"><p>\n  *O nosso se aplica\n  <a href=\"https:\/\/simonedossantos.de\/datenschutzerklaerung\/\" style=\"color: #F00\">Prote\u00e7\u00e3o de dados<\/a>\n<\/p>\n\n<\/label><\/div><\/div><div class=\"form-submission-notices data-notice_1\" id=\"fusion-notices-1\"><div class=\"fusion-alert alert success alert-success fusion-alert-center fusion-form-response fusion-form-response-success fusion-alert-capitalize awb-alert-native-link-color alert-dismissable awb-alert-close-boxed\" role=\"alert\"><div class=\"fusion-alert-content-wrapper\"><span class=\"alert-icon\"><i class=\"awb-icon-check-circle\" aria-hidden=\"true\"><\/i><\/span><span class=\"fusion-alert-content\">Enviou uma solicita\u00e7\u00e3o. Voc\u00ea receber\u00e1 uma confirma\u00e7\u00e3o de envio. Por favor, verifique sua pasta de spam.<\/span><\/div><button type=\"button\" class=\"close toggle-alert\" data-dismiss=\"alert\" aria-label=\"Close\">\u00d7<\/button><\/div><div class=\"fusion-alert alert error alert-danger fusion-alert-center fusion-form-response fusion-form-response-error fusion-alert-capitalize awb-alert-native-link-color alert-dismissable awb-alert-close-boxed\" role=\"alert\"><div class=\"fusion-alert-content-wrapper\"><span class=\"alert-icon\"><i class=\"awb-icon-exclamation-triangle\" aria-hidden=\"true\"><\/i><\/span><span class=\"fusion-alert-content\">Ocorreu um erro ao tentar enviar sua mensagem. Por favor, tente novamente mais tarde.<\/span><\/div><button type=\"button\" class=\"close toggle-alert\" data-dismiss=\"alert\" aria-label=\"Close\">\u00d7<\/button><\/div><\/div><div class=\"fusion-form-field fusion-form-submit-field fusion-form-label-above\" style=\"\" data-form-id=\"1732\"><div ><button type=\"submit\" class=\"fusion-button button-flat fusion-button-default-size button-default fusion-button-default button-1 fusion-button-default-span  form-form-submit button-default\" data-form-number=\"1732\" tabindex=\"\"><span class=\"fusion-button-text\">Enviar<\/span><\/button><\/div><\/div><\/div><\/div><\/div><\/div><input type=\"hidden\" name=\"trp-form-language\" value=\"pt\"\/><\/form><\/div><\/div><\/div><\/div><\/div>","protected":false},"excerpt":{"rendered":"","protected":false},"author":1,"featured_media":0,"parent":0,"menu_order":0,"comment_status":"closed","ping_status":"closed","template":"","meta":{"_joinchat":[],"footnotes":""},"class_list":["post-1740","page","type-page","status-publish","hentry"],"yoast_head":"<!-- This site is optimized with the Yoast SEO plugin v21.5 - https:\/\/yoast.com\/wordpress\/plugins\/seo\/ -->\n<title>Antrag auf zulassung - Simone dos Santos<\/title>\n<meta name=\"robots\" content=\"index, follow, max-snippet:-1, max-image-preview:large, max-video-preview:-1\" \/>\n<link rel=\"canonical\" href=\"https:\/\/simonedossantos.de\/pt\/pro-abono\/\" \/>\n<meta property=\"og:locale\" content=\"pt_BR\" \/>\n<meta property=\"og:type\" content=\"article\" \/>\n<meta property=\"og:title\" content=\"Antrag auf zulassung - Simone dos Santos\" \/>\n<meta property=\"og:url\" content=\"https:\/\/simonedossantos.de\/pt\/pro-abono\/\" \/>\n<meta property=\"og:site_name\" content=\"Simone dos Santos\" \/>\n<meta property=\"article:publisher\" content=\"https:\/\/www.instagram.com\/simonedossantosoficial\/\" \/>\n<meta property=\"article:modified_time\" content=\"2023-11-02T14:28:41+00:00\" \/>\n<meta property=\"og:image\" content=\"https:\/\/simonedossantos.de\/wp-content\/uploads\/2023\/08\/cropped-amaAtivo-3.png\" \/>\n\t<meta property=\"og:image:width\" content=\"512\" \/>\n\t<meta property=\"og:image:height\" content=\"512\" \/>\n\t<meta property=\"og:image:type\" content=\"image\/png\" \/>\n<meta name=\"twitter:card\" content=\"summary_large_image\" \/>\n<meta name=\"twitter:label1\" content=\"Est. tempo de leitura\" \/>\n\t<meta name=\"twitter:data1\" content=\"2 minutos\" \/>\n<script type=\"application\/ld+json\" class=\"yoast-schema-graph\">{\"@context\":\"https:\/\/schema.org\",\"@graph\":[{\"@type\":\"WebPage\",\"@id\":\"https:\/\/simonedossantos.de\/pro-abono\/\",\"url\":\"https:\/\/simonedossantos.de\/pro-abono\/\",\"name\":\"Antrag auf zulassung - Simone dos Santos\",\"isPartOf\":{\"@id\":\"https:\/\/simonedossantos.de\/#website\"},\"datePublished\":\"2023-09-06T16:36:14+00:00\",\"dateModified\":\"2023-11-02T14:28:41+00:00\",\"breadcrumb\":{\"@id\":\"https:\/\/simonedossantos.de\/pro-abono\/#breadcrumb\"},\"inLanguage\":\"pt-BR\",\"potentialAction\":[{\"@type\":\"ReadAction\",\"target\":[\"https:\/\/simonedossantos.de\/pro-abono\/\"]}]},{\"@type\":\"BreadcrumbList\",\"@id\":\"https:\/\/simonedossantos.de\/pro-abono\/#breadcrumb\",\"itemListElement\":[{\"@type\":\"ListItem\",\"position\":1,\"name\":\"In\u00edcio\",\"item\":\"https:\/\/simonedossantos.de\/\"},{\"@type\":\"ListItem\",\"position\":2,\"name\":\"Antrag auf zulassung\"}]},{\"@type\":\"WebSite\",\"@id\":\"https:\/\/simonedossantos.de\/#website\",\"url\":\"https:\/\/simonedossantos.de\/\",\"name\":\"Simone dos Santos\",\"description\":\"Business Trainerin &amp; Business Coaching\",\"publisher\":{\"@id\":\"https:\/\/simonedossantos.de\/#organization\"},\"potentialAction\":[{\"@type\":\"SearchAction\",\"target\":{\"@type\":\"EntryPoint\",\"urlTemplate\":\"https:\/\/simonedossantos.de\/?s={search_term_string}\"},\"query-input\":\"required name=search_term_string\"}],\"inLanguage\":\"pt-BR\"},{\"@type\":\"Organization\",\"@id\":\"https:\/\/simonedossantos.de\/#organization\",\"name\":\"Simone dos Santos\",\"url\":\"https:\/\/simonedossantos.de\/\",\"logo\":{\"@type\":\"ImageObject\",\"inLanguage\":\"pt-BR\",\"@id\":\"https:\/\/simonedossantos.de\/#\/schema\/logo\/image\/\",\"url\":\"https:\/\/simonedossantos.de\/wp-content\/uploads\/2023\/08\/cropped-amaAtivo-3.png\",\"contentUrl\":\"https:\/\/simonedossantos.de\/wp-content\/uploads\/2023\/08\/cropped-amaAtivo-3.png\",\"width\":512,\"height\":512,\"caption\":\"Simone dos Santos\"},\"image\":{\"@id\":\"https:\/\/simonedossantos.de\/#\/schema\/logo\/image\/\"},\"sameAs\":[\"https:\/\/www.instagram.com\/simonedossantosoficial\/\",\"https:\/\/www.linkedin.com\/in\/simonedossantosoficial\/\"]}]}<\/script>\n<!-- \/ Yoast SEO plugin. -->","yoast_head_json":{"title":"Antrag auf zulassung - Simone dos Santos","robots":{"index":"index","follow":"follow","max-snippet":"max-snippet:-1","max-image-preview":"max-image-preview:large","max-video-preview":"max-video-preview:-1"},"canonical":"https:\/\/simonedossantos.de\/pt\/pro-abono\/","og_locale":"pt_BR","og_type":"article","og_title":"Antrag auf zulassung - Simone dos Santos","og_url":"https:\/\/simonedossantos.de\/pt\/pro-abono\/","og_site_name":"Simone dos Santos","article_publisher":"https:\/\/www.instagram.com\/simonedossantosoficial\/","article_modified_time":"2023-11-02T14:28:41+00:00","og_image":[{"width":512,"height":512,"url":"https:\/\/simonedossantos.de\/wp-content\/uploads\/2023\/08\/cropped-amaAtivo-3.png","type":"image\/png"}],"twitter_card":"summary_large_image","twitter_misc":{"Est. tempo de leitura":"2 minutos"},"schema":{"@context":"https:\/\/schema.org","@graph":[{"@type":"WebPage","@id":"https:\/\/simonedossantos.de\/pro-abono\/","url":"https:\/\/simonedossantos.de\/pro-abono\/","name":"Antrag auf zulassung - Simone dos Santos","isPartOf":{"@id":"https:\/\/simonedossantos.de\/#website"},"datePublished":"2023-09-06T16:36:14+00:00","dateModified":"2023-11-02T14:28:41+00:00","breadcrumb":{"@id":"https:\/\/simonedossantos.de\/pro-abono\/#breadcrumb"},"inLanguage":"pt-BR","potentialAction":[{"@type":"ReadAction","target":["https:\/\/simonedossantos.de\/pro-abono\/"]}]},{"@type":"BreadcrumbList","@id":"https:\/\/simonedossantos.de\/pro-abono\/#breadcrumb","itemListElement":[{"@type":"ListItem","position":1,"name":"In\u00edcio","item":"https:\/\/simonedossantos.de\/"},{"@type":"ListItem","position":2,"name":"Antrag auf zulassung"}]},{"@type":"WebSite","@id":"https:\/\/simonedossantos.de\/#website","url":"https:\/\/simonedossantos.de\/","name":"Simone dos Santos","description":"Business Trainerin &amp; Business Coaching","publisher":{"@id":"https:\/\/simonedossantos.de\/#organization"},"potentialAction":[{"@type":"SearchAction","target":{"@type":"EntryPoint","urlTemplate":"https:\/\/simonedossantos.de\/?s={search_term_string}"},"query-input":"required name=search_term_string"}],"inLanguage":"pt-BR"},{"@type":"Organization","@id":"https:\/\/simonedossantos.de\/#organization","name":"Simone dos Santos","url":"https:\/\/simonedossantos.de\/","logo":{"@type":"ImageObject","inLanguage":"pt-BR","@id":"https:\/\/simonedossantos.de\/#\/schema\/logo\/image\/","url":"https:\/\/simonedossantos.de\/wp-content\/uploads\/2023\/08\/cropped-amaAtivo-3.png","contentUrl":"https:\/\/simonedossantos.de\/wp-content\/uploads\/2023\/08\/cropped-amaAtivo-3.png","width":512,"height":512,"caption":"Simone dos Santos"},"image":{"@id":"https:\/\/simonedossantos.de\/#\/schema\/logo\/image\/"},"sameAs":["https:\/\/www.instagram.com\/simonedossantosoficial\/","https:\/\/www.linkedin.com\/in\/simonedossantosoficial\/"]}]}},"_links":{"self":[{"href":"https:\/\/simonedossantos.de\/pt\/wp-json\/wp\/v2\/pages\/1740","targetHints":{"allow":["GET"]}}],"collection":[{"href":"https:\/\/simonedossantos.de\/pt\/wp-json\/wp\/v2\/pages"}],"about":[{"href":"https:\/\/simonedossantos.de\/pt\/wp-json\/wp\/v2\/types\/page"}],"author":[{"embeddable":true,"href":"https:\/\/simonedossantos.de\/pt\/wp-json\/wp\/v2\/users\/1"}],"replies":[{"embeddable":true,"href":"https:\/\/simonedossantos.de\/pt\/wp-json\/wp\/v2\/comments?post=1740"}],"version-history":[{"count":7,"href":"https:\/\/simonedossantos.de\/pt\/wp-json\/wp\/v2\/pages\/1740\/revisions"}],"predecessor-version":[{"id":2527,"href":"https:\/\/simonedossantos.de\/pt\/wp-json\/wp\/v2\/pages\/1740\/revisions\/2527"}],"wp:attachment":[{"href":"https:\/\/simonedossantos.de\/pt\/wp-json\/wp\/v2\/media?parent=1740"}],"curies":[{"name":"wp","href":"https:\/\/api.w.org\/{rel}","templated":true}]}}